{"id":976,"date":"2021-06-30T14:07:44","date_gmt":"2021-06-30T11:07:44","guid":{"rendered":"https:\/\/skola.lapmezciems.lv\/pirmsskola\/?page_id=976"},"modified":"2025-11-10T23:31:17","modified_gmt":"2025-11-10T21:31:17","slug":"uznemsanas-kartiba-2","status":"publish","type":"page","link":"https:\/\/skola.lapmezciems.lv\/pirmsskola\/uznemsanas-kartiba-2\/","title":{"rendered":"Uz\u0146em\u0161anas k\u0101rt\u012bba"},"content":{"rendered":"<h3><a href=\"https:\/\/www.tip.edu.lv\/lv\/pirmsskolas-vecuma-bernu-rinda\" target=\"_blank\" rel=\"noopener\">https:\/\/www.tip.edu.lv\/lv\/pirmsskolas-vecuma-bernu-rinda<\/a><\/h3>\n<h5><\/h5>\n<h5>Re\u0123istr\u0113jot b\u0113rnu izgl\u012bt\u012bbas iest\u0101d\u0113. L\u012bdzi nepiecie\u0161ams:<\/h5>\n<ol>\n<li>B\u0113rna dzim\u0161anas apliec\u012bbas ori\u0123in\u0101ls;<\/li>\n<li>Vec\u0101ku vai aizbild\u0146u personas apliecino\u0161ie dokumenti (pase);<\/li>\n<li>Medic\u012bnisk\u0101s komisijas atzinums (ja attiecin\u0101ms).<\/li>\n<\/ol>\n","protected":false},"excerpt":{"rendered":"<p>https:\/\/www.tip.edu.lv\/lv\/pirmsskolas-vecuma-bernu-rinda Re\u0123istr\u0113jot b\u0113rnu izgl\u012bt\u012bbas iest\u0101d\u0113. L\u012bdzi nepiecie\u0161ams: B\u0113rna dzim\u0161anas apliec\u012bbas ori\u0123in\u0101ls; Vec\u0101ku vai aizbild\u0146u personas apliecino\u0161ie dokumenti (pase); Medic\u012bnisk\u0101s komisijas atzinums (ja attiecin\u0101ms).<\/p>\n","protected":false},"author":1,"featured_media":0,"parent":0,"menu_order":0,"comment_status":"closed","ping_status":"closed","template":"","meta":{"_acf_changed":false,"footnotes":""},"class_list":["post-976","page","type-page","status-publish","hentry"],"acf":[],"_links":{"self":[{"href":"https:\/\/skola.lapmezciems.lv\/pirmsskola\/wp-json\/wp\/v2\/pages\/976","targetHints":{"allow":["GET"]}}],"collection":[{"href":"https:\/\/skola.lapmezciems.lv\/pirmsskola\/wp-json\/wp\/v2\/pages"}],"about":[{"href":"https:\/\/skola.lapmezciems.lv\/pirmsskola\/wp-json\/wp\/v2\/types\/page"}],"author":[{"embeddable":true,"href":"https:\/\/skola.lapmezciems.lv\/pirmsskola\/wp-json\/wp\/v2\/users\/1"}],"replies":[{"embeddable":true,"href":"https:\/\/skola.lapmezciems.lv\/pirmsskola\/wp-json\/wp\/v2\/comments?post=976"}],"version-history":[{"count":3,"href":"https:\/\/skola.lapmezciems.lv\/pirmsskola\/wp-json\/wp\/v2\/pages\/976\/revisions"}],"predecessor-version":[{"id":2014,"href":"https:\/\/skola.lapmezciems.lv\/pirmsskola\/wp-json\/wp\/v2\/pages\/976\/revisions\/2014"}],"wp:attachment":[{"href":"https:\/\/skola.lapmezciems.lv\/pirmsskola\/wp-json\/wp\/v2\/media?parent=976"}],"curies":[{"name":"wp","href":"https:\/\/api.w.org\/{rel}","templated":true}]}}