{"id":755,"date":"2021-06-21T10:14:11","date_gmt":"2021-06-21T07:14:11","guid":{"rendered":"https:\/\/skola.lapmezciems.lv\/pirmsskola\/?page_id=755"},"modified":"2025-12-22T10:55:56","modified_gmt":"2025-12-22T08:55:56","slug":"edinasana","status":"publish","type":"page","link":"https:\/\/skola.lapmezciems.lv\/pirmsskola\/sakumlapa\/edinasana\/","title":{"rendered":"\u0112din\u0101\u0161ana"},"content":{"rendered":"<p><em><strong>\u0112dienkartes pieejamas katru pirmdienu skol\u0113niem, vec\u0101kiem un darbiniekiem E-klases sada\u013c\u0101 &#8220;Skolas aktualit\u0101tes&#8221;.<\/strong><\/em><\/p>\n<p>&nbsp;<\/p>\n<h3>Samaksas k\u0101rt\u012bba par \u0113din\u0101\u0161anu<\/h3>\n<h4>1.Samaksas noteikumi:<\/h4>\n<p>Samaksa par \u0113din\u0101\u0161anu tiek veikta ar p\u0101rskait\u012bjumu uz r\u0113\u0137in\u0101 nor\u0101d\u012btajiem rekviz\u012btiem.<br \/>\nValsts un pa\u0161vald\u012bba apmaks\u0101 br\u012bvpusdienas 5-gadnieku un 6-gadnieku vecuma b\u0113rniem;<br \/>\nVec\u0101ki maks\u0101:<\/p>\n<h4>2. Apmaksas k\u0101rt\u012bba vec\u0101kiem:<\/h4>\n<p>Samaksa par \u0113din\u0101\u0161anas pakalpojumiem tiek veikti ar p\u0101rskait\u012bjumu uz nor\u0101d\u012bto bankas kontu;<br \/>\nP\u0101rskait\u012bjums ir j\u0101veic \u0161\u0101d\u0101 period\u0101:<br \/>\nl\u012bdz m\u0113ne\u0161a 15.datumam par iepriek\u0161\u0113j\u0101 m\u0113ne\u0161a periodu.<br \/>\nNepiecie\u0161am\u0101 inform\u0101cija, kas OBLIG\u0100TI ir j\u0101nor\u0101da maks\u0101jot ar bankas p\u0101rskait\u012bjumu:<br \/>\n&#8211; B\u0113rna v\u0101rds un uzv\u0101rds<br \/>\n&#8211; R\u0113\u0137ina numurs<\/p>\n<h4>3. Inform\u0101cija par kav\u0113jumiem:<\/h4>\n<p>L\u016bgums savlaic\u012bgi br\u012bdin\u0101t par b\u0113rna neiera\u0161anos pirmsskol\u0101 grupu audzin\u0101t\u0101jas l\u012bdz konkr\u0113t\u0101s dien\u0101s plkst.8:00 e-klas\u0113 un\/vai telefoniski. Ja tiek sa\u0146emts kav\u0113juma pieteikums, tad maksa par \u0113din\u0101\u0161anu par \u0161o promb\u016btnes dienu nav j\u0101maks\u0101.<\/p>\n","protected":false},"excerpt":{"rendered":"<p>\u0112dienkartes pieejamas katru pirmdienu skol\u0113niem, vec\u0101kiem un darbiniekiem E-klases sada\u013c\u0101 &#8220;Skolas aktualit\u0101tes&#8221;. &nbsp; Samaksas k\u0101rt\u012bba par \u0113din\u0101\u0161anu 1.Samaksas noteikumi: Samaksa par \u0113din\u0101\u0161anu tiek veikta ar p\u0101rskait\u012bjumu uz r\u0113\u0137in\u0101 nor\u0101d\u012btajiem rekviz\u012btiem. Valsts un pa\u0161vald\u012bba apmaks\u0101 br\u012bvpusdienas 5-gadnieku un 6-gadnieku vecuma b\u0113rniem; Vec\u0101ki maks\u0101: 2. Apmaksas k\u0101rt\u012bba vec\u0101kiem: Samaksa par \u0113din\u0101\u0161anas pakalpojumiem tiek veikti ar p\u0101rskait\u012bjumu uz [&hellip;]<\/p>\n","protected":false},"author":1,"featured_media":0,"parent":7,"menu_order":0,"comment_status":"closed","ping_status":"closed","template":"","meta":{"_acf_changed":false,"footnotes":""},"class_list":["post-755","page","type-page","status-publish","hentry"],"acf":[],"_links":{"self":[{"href":"https:\/\/skola.lapmezciems.lv\/pirmsskola\/wp-json\/wp\/v2\/pages\/755","targetHints":{"allow":["GET"]}}],"collection":[{"href":"https:\/\/skola.lapmezciems.lv\/pirmsskola\/wp-json\/wp\/v2\/pages"}],"about":[{"href":"https:\/\/skola.lapmezciems.lv\/pirmsskola\/wp-json\/wp\/v2\/types\/page"}],"author":[{"embeddable":true,"href":"https:\/\/skola.lapmezciems.lv\/pirmsskola\/wp-json\/wp\/v2\/users\/1"}],"replies":[{"embeddable":true,"href":"https:\/\/skola.lapmezciems.lv\/pirmsskola\/wp-json\/wp\/v2\/comments?post=755"}],"version-history":[{"count":4,"href":"https:\/\/skola.lapmezciems.lv\/pirmsskola\/wp-json\/wp\/v2\/pages\/755\/revisions"}],"predecessor-version":[{"id":1988,"href":"https:\/\/skola.lapmezciems.lv\/pirmsskola\/wp-json\/wp\/v2\/pages\/755\/revisions\/1988"}],"up":[{"embeddable":true,"href":"https:\/\/skola.lapmezciems.lv\/pirmsskola\/wp-json\/wp\/v2\/pages\/7"}],"wp:attachment":[{"href":"https:\/\/skola.lapmezciems.lv\/pirmsskola\/wp-json\/wp\/v2\/media?parent=755"}],"curies":[{"name":"wp","href":"https:\/\/api.w.org\/{rel}","templated":true}]}}