{"id":202,"date":"2021-06-03T12:01:40","date_gmt":"2021-06-03T09:01:40","guid":{"rendered":"https:\/\/skola.lapmezciems.lv\/pirmsskola\/?page_id=202"},"modified":"2025-12-14T22:59:15","modified_gmt":"2025-12-14T20:59:15","slug":"skolas-telpas-vides","status":"publish","type":"page","link":"https:\/\/skola.lapmezciems.lv\/pirmsskola\/par-skolu\/skolas-telpas-vides\/","title":{"rendered":"M\u016bsu vide"},"content":{"rendered":"<p>Lapme\u017eciems atrodas uz \u0161auras zemes str\u0113les starp R\u012bgas l\u012bci un Ka\u0146iera ezeru. Savu nosaukumu ciems ieguvis, pateicoties lieliem ozoliem, o\u0161iem un k\u013cav\u0101m, kas kupl\u0101 skait\u0101 reiz augu\u0161i vis\u0101 apk\u0101rtn\u0113.<\/p>\n<p>Lapme\u017eciems ir pagasta centrs un ar\u012b liel\u0101kais no pieciem J\u016brciemiem. P\u0113d\u0113j\u0101s desmitgad\u0113s Lapme\u017eciems man\u0101mi papla\u0161in\u0101jies, audzis gan jaunu m\u0101ju, gan iedz\u012bvot\u0101ju skaits. Ar zvejniec\u012bbu \u0161odien vairs nodarbojas vien retais ciemnieks, tom\u0113r Lapme\u017eciems joproj\u0101m asoci\u0113jas ar zvejnieku dz\u012bves \u0161armu.<\/p>\n","protected":false},"excerpt":{"rendered":"<p>Lapme\u017eciems atrodas uz \u0161auras zemes str\u0113les starp R\u012bgas l\u012bci un Ka\u0146iera ezeru. Savu nosaukumu ciems ieguvis, pateicoties lieliem ozoliem, o\u0161iem un k\u013cav\u0101m, kas kupl\u0101 skait\u0101 reiz augu\u0161i vis\u0101 apk\u0101rtn\u0113. Lapme\u017eciems ir pagasta centrs un ar\u012b liel\u0101kais no pieciem J\u016brciemiem. P\u0113d\u0113j\u0101s desmitgad\u0113s Lapme\u017eciems man\u0101mi papla\u0161in\u0101jies, audzis gan jaunu m\u0101ju, gan iedz\u012bvot\u0101ju skaits. Ar zvejniec\u012bbu \u0161odien vairs [&hellip;]<\/p>\n","protected":false},"author":1,"featured_media":0,"parent":140,"menu_order":4,"comment_status":"closed","ping_status":"closed","template":"","meta":{"_acf_changed":false,"footnotes":""},"class_list":["post-202","page","type-page","status-publish","hentry"],"acf":[],"_links":{"self":[{"href":"https:\/\/skola.lapmezciems.lv\/pirmsskola\/wp-json\/wp\/v2\/pages\/202","targetHints":{"allow":["GET"]}}],"collection":[{"href":"https:\/\/skola.lapmezciems.lv\/pirmsskola\/wp-json\/wp\/v2\/pages"}],"about":[{"href":"https:\/\/skola.lapmezciems.lv\/pirmsskola\/wp-json\/wp\/v2\/types\/page"}],"author":[{"embeddable":true,"href":"https:\/\/skola.lapmezciems.lv\/pirmsskola\/wp-json\/wp\/v2\/users\/1"}],"replies":[{"embeddable":true,"href":"https:\/\/skola.lapmezciems.lv\/pirmsskola\/wp-json\/wp\/v2\/comments?post=202"}],"version-history":[{"count":4,"href":"https:\/\/skola.lapmezciems.lv\/pirmsskola\/wp-json\/wp\/v2\/pages\/202\/revisions"}],"predecessor-version":[{"id":2025,"href":"https:\/\/skola.lapmezciems.lv\/pirmsskola\/wp-json\/wp\/v2\/pages\/202\/revisions\/2025"}],"up":[{"embeddable":true,"href":"https:\/\/skola.lapmezciems.lv\/pirmsskola\/wp-json\/wp\/v2\/pages\/140"}],"wp:attachment":[{"href":"https:\/\/skola.lapmezciems.lv\/pirmsskola\/wp-json\/wp\/v2\/media?parent=202"}],"curies":[{"name":"wp","href":"https:\/\/api.w.org\/{rel}","templated":true}]}}