{"id":1947,"date":"2025-10-08T23:58:05","date_gmt":"2025-10-08T20:58:05","guid":{"rendered":"https:\/\/skola.lapmezciems.lv\/pirmsskola\/?page_id=1947"},"modified":"2026-02-24T23:38:50","modified_gmt":"2026-02-24T21:38:50","slug":"vesture","status":"publish","type":"page","link":"https:\/\/skola.lapmezciems.lv\/pirmsskola\/par-skolu\/vesture\/","title":{"rendered":"Lapme\u017eciema pamatskolas pirmsskolas iest\u0101des v\u0113sture"},"content":{"rendered":"<p>B\u0113rnud\u0101rza v\u0113sture b\u016btu j\u0101s\u0101k aprakst\u012bt no 60to gadu s\u0101kuma. Ar z.\/k. \u2018\u2019Selga\u2019\u2019 g\u0101d\u012bbu Stadiona iel\u0101 tika uzcelta somu tipa m\u0101ji\u0146a, lai taj\u0101 iek\u0101rtotu b\u0113rnud\u0101rzu. Tika nokomplekt\u0113ti kadri, ieg\u0101d\u0101tas rota\u013clietas un invent\u0101rs, bet darbu nevar\u0113ja uzs\u0101kt, jo tika pieteikti tikai 8 b\u0113rni, lai gan tika person\u012bgi aptauj\u0101ti b\u0113rnu vec\u0101ki. Vec\u0101ku iebildums \u2013 p\u0101r\u0101k augst\u0101 maksa par b\u0113rnud\u0101rzu. T\u0101 k\u0101 pozit\u012bvi rezult\u0101ti netika g\u016bti, tad b\u0113rnud\u0101rza atv\u0113r\u0161ana nenotika. Ieg\u0101d\u0101to invent\u0101ru atdeva skolai, bet telp\u0101s iek\u0101rtoja feld\u0161eru punktu.<br \/>\nAsto\u0146desmito gadu vidus. Z\/k \u2018\u2019Selga\u2019\u2019 valde atzina, ka nepiecie\u0161ams dibin\u0101t b\u0113rnud\u0101rzu, lai jaun\u0101s m\u0101mi\u0146as var\u0113tu str\u0101d\u0101t ra\u017eo\u0161an\u0101. Tika nolemts veikt kapit\u0101lo remontu dz\u012bvojam\u0101 m\u0101j\u0101 \u2018\u2019Jaunjomas\u2019\u2019, papla\u0161inot to ar pieb\u016bvi.<br \/>\nKadru da\u013ca izv\u0113l\u0113j\u0101s par vad\u012bt\u0101ju iecelt B.Mik\u012bti, kurai ir augst\u0101k\u0101 pedago\u0123isk\u0101 izgl\u012bt\u012bba.<br \/>\nAizejot no skolas 1986.gada pavasar\u012b, B.Mik\u012bte uzs\u0101ka b\u0113rnud\u0101rza noform\u0113\u0161anas jaut\u0101jumus \u2013 kadru izraudz\u012b\u0161anu.<br \/>\nI.Egle bija \u0161\u012bs \u0113kas celtniec\u012bbas darbu vad\u012bt\u0101js, J.Men\u0123elis \u2013 b\u016bvda\u013cas vad\u012bt\u0101js, kas r\u016bp\u0113j\u0101s par celtniec\u012bbas darbiem. Interjeru noform\u0113ja V.Volbruka. T\u0101 k\u0101 tika izv\u0113l\u0113ts b\u0113rnud\u0101rza nosaukums \u2018\u2019Viln\u012btis\u2019\u2019, tad ar\u012b k\u0101p\u0146u telpa, k\u0101 ar\u012b grupi\u0146as tika noform\u0113t ar j\u016bras tematiku \u2013 ziliem viln\u012b\u0161iem, \u016bdens dz\u012bvniekiem, oblig\u0101ti piesaistot ar\u012b sarkano kr\u0101su.<br \/>\nB\u0113rnud\u0101rza \u0101rpus\u0113 tika izb\u016bv\u0113tas nojumes un p\u0101r\u0113jais vajadz\u012bgais apr\u012bkojums.<\/p>\n<p>&nbsp;<\/p>\n<p>Rit b\u0113rnud\u0101rza \u0113kas celtniec\u012bbas darbi.<\/p>\n<p>1986.g.oktobr\u012b notika b\u0113rnud\u0101rza atkl\u0101\u0161ana. Taj\u0101 no z\/s \u2018\u2019Selgas\u2019\u2019 vad\u012bbas piedal\u012bj\u0101s \u2013 kadru da\u013cas vad\u012bt\u0101js Klimovi\u010ds, in\u017eenieris F.Sv\u0113ti\u0146\u0161, b\u016bvdarbu vad\u012bt\u0101js Men\u0123elis un celtniec\u012bbas vad\u012bt\u0101js Ivars Egle.<\/p>\n<p>&nbsp;<\/p>\n<p>Tika atv\u0113rtas 2 grupas : 1.gr. audzin\u0101t\u0101ja Sandra \u0160ternberga un L\u012bga Neilande, 2.gr. In\u0101ra Ivanova un Rud\u012bte Rudz\u012bte. Medm\u0101sa Skaidr\u012bte Aukstikalna, aukl\u012bte M\u0101ra Gros\u0113na, apkop\u0113ja Lank\u0161a, muzik\u0101l\u0101 audzin\u0101t\u0101ja Vita Everte, \u0161efpav\u0101re Ludmila Se\u013cicka, s\u0113tniece Maija Parfianovi\u010da, vad\u012bt\u0101ja Baiba Mik\u012bte.<\/p>\n<p>&nbsp;<\/p>\n<p>Par b\u0113rnud\u0101rza izveido\u0161anu bija \u013coti pateic\u012bgi b\u0113rnu vec\u0101ki. Viesi no skolas un b\u0113rnu vec\u0101ki nov\u0113l\u0113ja labus pan\u0101kumus mazo b\u0113rnu audzin\u0101\u0161an\u0101.<\/p>\n<p>&nbsp;<\/p>\n<p>Vad\u012bt\u0101ja B. Mik\u012bte str\u0101d\u0101ja l\u012bdz 1990.gada decembrim, tad par vad\u012bt\u0101ju uz neilgu laiku k\u013cuva Vita Everte un to dekr\u0113ta laik\u0101 aizvietoja Inese Lenerte.<br \/>\nSakar\u0101 ar to, ka MK izdeva r\u012bkojumu par lielu atmaksu m\u0101mi\u0146\u0101m ar b\u0113rnu piedzim\u0161anu, tad krasi samazin\u0101j\u0101s b\u0113rnu skaits d\u0101rzi\u0146\u0101. Rad\u0101s ar\u012b citi objekt\u012bvi iemesli un pagasta padome d\u0101rzi\u0146u sl\u0113dza. Tas notika 1992.\/1993.gad\u0101. Aizvad\u012btaj\u0101 laika period\u0101 \u013coti daudz main\u012bj\u0101s kadri d\u0101rzi\u0146\u0101. V\u0113l str\u0101d\u0101ja Evija Zakalovska, Juta Birzniece, medm\u0101sa Tatjana Kalnpure, Kitija Strupe, Aelita L\u016bse, Daira Zvejniece, Ina Jaun\u012bte, Timu\u0161ka.<br \/>\n1993.gad\u0101 norit jaut\u0101jums par pirmsskolas grupas izveido\u0161anu pie Lapme\u017eciema pamatskolas. 1993.g.,Tukuma rajona TIN iedala skolai divas pedago\u0123isko \u0161tatu vien\u012bbas audzin\u0101t\u0101j\u0101m, kas nodro\u0161ina vienu grupu Lapme\u017eciema pamatskolas pak\u013caut\u012bb\u0101.<br \/>\nT\u0101l\u0101k \u2013 04.10.93., pagasta pa\u0161vald\u012bbas vad\u012bt\u0101js E.P\u0113tersons nodod materi\u0101l\u0101s v\u0113rt\u012bbas skolas direktora vietniecei m\u0101c\u012bbu darb\u0101 Mud\u012btei B\u0113rzi\u0146ai, uzliekot par pien\u0101kumu atbild\u0113t par pirmsskolas b\u0113rnu grupu.<br \/>\nDr\u012bz darbu b\u0113rnud\u0101rz\u0101 uzs\u0101k audzin\u0101t\u0101jas Vanesa Barone, Aiva Ernestsone, saimnieces pal\u012bdze Dzidra Galanceva, aukl\u012bte Ir\u0113na Gertnere, Aleksandra Galandere, Daira Zvejniece, L\u012bvija Druvnese. Kadri palielin\u0101j\u0101s t\u0101p\u0113c, ka no skolas divas pirm\u0101s klases m\u0101c\u0101s \u0161aj\u0101s telp\u0101s.<\/p>\n<p><strong>Ar 2001.\/2002 m.g.<\/strong>\u00a0b\u0113rnud\u0101rza \u0113ka tiek izmantota tikai pirmsskolas b\u0113rnu vajadz\u012bb\u0101m. Atver divas grupas : jaun\u0101ko \u2013 3,4 gadus veciem b\u0113rniem, vec\u0101ko 5,6 gadus vecu b\u0113rniem. Uzs\u0101k 5,6 gadus vecu b\u0113rnu oblig\u0101to sagatavo\u0161anu skolai, iesaistot apm\u0101c\u012bb\u0101 ciema b\u0113rnus, kuri neapmekl\u0113 pirmsskolas m\u0101c\u012bbu iest\u0101di, organiz\u0113jot vi\u0146iem apm\u0101c\u012bbu se\u0161u stundu grup\u0101.<br \/>\n<strong>Ar 2002.\/2003.m.g.<\/strong>\u00a0gadu, tiek uzs\u0101kta oblig\u0101t\u0101 sagatavo\u0161ana skolai, kuru 3,5 stundas dien\u0101 apg\u016bst visi atbilsto\u0161\u0101 vecuma b\u0113rni.<br \/>\nPalielinoties pirmsskolas b\u0113rnu skaitam ar 2007.\/2008.m.g. tiek atv\u0113rta tre\u0161\u0101 pirmsskolas grupa, pirmsskolas grupu z\u0101l\u0113.<br \/>\n<strong>Ar 2010.\/2011.m.g.<\/strong> vec\u0101k\u0101 6gad. pirmsskolas b\u0113rnu grupa tiek atv\u0113rta pamatskolas telp\u0101s.<\/p>\n<p><strong>Pa\u0161laik \u2013 2025.\/2026.m.g.,<\/strong> pirmsskol\u0101 ir atv\u0113rtas piecas b\u0113rnu grupas, kuras apmekl\u0113 b\u0113rni vecum\u0101 no 1,5 \u2013 6.gadu vecumam. \u010cetras\u00a0 grupi\u0146as ir izvietotas b\u0113rnud\u0101rza telp\u0101s, ta\u010du 2-gad\u012bgo b\u0113rnu grupa atrodas Lapme\u017eciema p\u0101rvaldes &#8220;Za\u0137\u012b\u0161u pirti\u0146a&#8221; \u0113k\u0101 un teritorij\u0101. Kop\u0101 PII apmekl\u0113 vair\u0101k nek\u0101 90 pirmsskolnieku.<\/p>\n","protected":false},"excerpt":{"rendered":"<p>B\u0113rnud\u0101rza v\u0113sture b\u016btu j\u0101s\u0101k aprakst\u012bt no 60to gadu s\u0101kuma. Ar z.\/k. \u2018\u2019Selga\u2019\u2019 g\u0101d\u012bbu Stadiona iel\u0101 tika uzcelta somu tipa m\u0101ji\u0146a, lai taj\u0101 iek\u0101rtotu b\u0113rnud\u0101rzu. Tika nokomplekt\u0113ti kadri, ieg\u0101d\u0101tas rota\u013clietas un invent\u0101rs, bet darbu nevar\u0113ja uzs\u0101kt, jo tika pieteikti tikai 8 b\u0113rni, lai gan tika person\u012bgi aptauj\u0101ti b\u0113rnu vec\u0101ki. Vec\u0101ku iebildums \u2013 p\u0101r\u0101k augst\u0101 maksa par [&hellip;]<\/p>\n","protected":false},"author":12,"featured_media":0,"parent":140,"menu_order":0,"comment_status":"closed","ping_status":"closed","template":"","meta":{"_acf_changed":false,"footnotes":""},"class_list":["post-1947","page","type-page","status-publish","hentry"],"acf":[],"_links":{"self":[{"href":"https:\/\/skola.lapmezciems.lv\/pirmsskola\/wp-json\/wp\/v2\/pages\/1947","targetHints":{"allow":["GET"]}}],"collection":[{"href":"https:\/\/skola.lapmezciems.lv\/pirmsskola\/wp-json\/wp\/v2\/pages"}],"about":[{"href":"https:\/\/skola.lapmezciems.lv\/pirmsskola\/wp-json\/wp\/v2\/types\/page"}],"author":[{"embeddable":true,"href":"https:\/\/skola.lapmezciems.lv\/pirmsskola\/wp-json\/wp\/v2\/users\/12"}],"replies":[{"embeddable":true,"href":"https:\/\/skola.lapmezciems.lv\/pirmsskola\/wp-json\/wp\/v2\/comments?post=1947"}],"version-history":[{"count":5,"href":"https:\/\/skola.lapmezciems.lv\/pirmsskola\/wp-json\/wp\/v2\/pages\/1947\/revisions"}],"predecessor-version":[{"id":2073,"href":"https:\/\/skola.lapmezciems.lv\/pirmsskola\/wp-json\/wp\/v2\/pages\/1947\/revisions\/2073"}],"up":[{"embeddable":true,"href":"https:\/\/skola.lapmezciems.lv\/pirmsskola\/wp-json\/wp\/v2\/pages\/140"}],"wp:attachment":[{"href":"https:\/\/skola.lapmezciems.lv\/pirmsskola\/wp-json\/wp\/v2\/media?parent=1947"}],"curies":[{"name":"wp","href":"https:\/\/api.w.org\/{rel}","templated":true}]}}