{"id":170,"date":"2021-06-02T15:52:44","date_gmt":"2021-06-02T12:52:44","guid":{"rendered":"https:\/\/skola.lapmezciems.lv\/pirmsskola\/?page_id=170"},"modified":"2026-01-05T22:54:20","modified_gmt":"2026-01-05T20:54:20","slug":"musu-komanda","status":"publish","type":"page","link":"https:\/\/skola.lapmezciems.lv\/pirmsskola\/par-skolu\/musu-komanda\/","title":{"rendered":"M\u016bsu komanda"},"content":{"rendered":"<p>M\u016bsu pirmsskol\u0101 ir lab\u0101kie, profesion\u0101l\u0101kie un rado\u0161\u0101kie pedagogi un darbinieki, kuri ar degsmi un paciet\u012bbu dara savu darbu. Esam rado\u0161i, atv\u0113rti un mums r\u016bp ikkatra b\u0113rna pa\u0161saj\u016bta m\u016bsu izgl\u012bt\u012bbas iest\u0101d\u0113. M\u0113s veidojam vidi, kur katra diena ir piepild\u012bta ar atkl\u0101jumiem, prieku un kust\u012bbu. Mums r\u016bp papla\u0161in\u0101t b\u0113rnu redzesloku, t\u0101p\u0113c pirmsskolas ikdiena tiek pl\u0101nota ar da\u017e\u0101d\u0101m aizraujo\u0161\u0101m un rado\u0161\u0101m aktivit\u0101t\u0113m.<\/p>\n","protected":false},"excerpt":{"rendered":"<p>M\u016bsu pirmsskol\u0101 ir lab\u0101kie, profesion\u0101l\u0101kie un rado\u0161\u0101kie pedagogi un darbinieki, kuri ar degsmi un paciet\u012bbu dara savu darbu. Esam rado\u0161i, atv\u0113rti un mums r\u016bp ikkatra b\u0113rna pa\u0161saj\u016bta m\u016bsu izgl\u012bt\u012bbas iest\u0101d\u0113. M\u0113s veidojam vidi, kur katra diena ir piepild\u012bta ar atkl\u0101jumiem, prieku un kust\u012bbu. Mums r\u016bp papla\u0161in\u0101t b\u0113rnu redzesloku, t\u0101p\u0113c pirmsskolas ikdiena tiek pl\u0101nota ar da\u017e\u0101d\u0101m [&hellip;]<\/p>\n","protected":false},"author":1,"featured_media":0,"parent":140,"menu_order":3,"comment_status":"closed","ping_status":"closed","template":"","meta":{"_acf_changed":false,"footnotes":""},"class_list":["post-170","page","type-page","status-publish","hentry"],"acf":[],"_links":{"self":[{"href":"https:\/\/skola.lapmezciems.lv\/pirmsskola\/wp-json\/wp\/v2\/pages\/170","targetHints":{"allow":["GET"]}}],"collection":[{"href":"https:\/\/skola.lapmezciems.lv\/pirmsskola\/wp-json\/wp\/v2\/pages"}],"about":[{"href":"https:\/\/skola.lapmezciems.lv\/pirmsskola\/wp-json\/wp\/v2\/types\/page"}],"author":[{"embeddable":true,"href":"https:\/\/skola.lapmezciems.lv\/pirmsskola\/wp-json\/wp\/v2\/users\/1"}],"replies":[{"embeddable":true,"href":"https:\/\/skola.lapmezciems.lv\/pirmsskola\/wp-json\/wp\/v2\/comments?post=170"}],"version-history":[{"count":8,"href":"https:\/\/skola.lapmezciems.lv\/pirmsskola\/wp-json\/wp\/v2\/pages\/170\/revisions"}],"predecessor-version":[{"id":2050,"href":"https:\/\/skola.lapmezciems.lv\/pirmsskola\/wp-json\/wp\/v2\/pages\/170\/revisions\/2050"}],"up":[{"embeddable":true,"href":"https:\/\/skola.lapmezciems.lv\/pirmsskola\/wp-json\/wp\/v2\/pages\/140"}],"wp:attachment":[{"href":"https:\/\/skola.lapmezciems.lv\/pirmsskola\/wp-json\/wp\/v2\/media?parent=170"}],"curies":[{"name":"wp","href":"https:\/\/api.w.org\/{rel}","templated":true}]}}