{"id":1605,"date":"2021-10-29T14:25:43","date_gmt":"2021-10-29T11:25:43","guid":{"rendered":"https:\/\/skola.lapmezciems.lv\/pirmsskola\/?page_id=1605"},"modified":"2025-12-22T10:41:17","modified_gmt":"2025-12-22T08:41:17","slug":"privatuma-politika","status":"publish","type":"page","link":"https:\/\/skola.lapmezciems.lv\/pirmsskola\/privatuma-politika\/","title":{"rendered":"Priv\u0101tuma politika"},"content":{"rendered":"<div class=\"page__content\">\n<div class=\"page__content\">\n<p><b>T\u012bmek\u013cvietnes priv\u0101tuma politika<\/b><\/p>\n<p><span style=\"font-weight: 400;\">\u0160o priv\u0101tuma politiku piem\u0113ro, apmekl\u0113jot<\/span> <span style=\"font-weight: 400;\">Lapme\u017eciema pamatskolas t\u012bmek\u013cvietni <\/span><a href=\"https:\/\/skola.lapmezciems.lv\/\"><span style=\"font-weight: 400;\">https:\/\/skola.lapmezciems.lv\/<\/span><\/a><span style=\"font-weight: 400;\">\u00a0 (turpm\u0101k &#8211; T\u012bmek\u013cvietne). T\u0101 attiecas tikai uz \u0161\u012bs konkr\u0113t\u0101s m\u0101jaslapas darb\u012bbu, nevis uz vis\u0101m skolas sniegtaj\u0101m izgl\u012bt\u012bbas vai cit\u0101m pakalpojumu jom\u0101m.<\/span><\/p>\n<p><span style=\"font-weight: 400;\">T\u012bmek\u013cvietne tiek uztur\u0113ta atbilsto\u0161i Visp\u0101r\u012bg\u0101s datu aizsardz\u012bbas regulas (Regula (ES) 2016\/679) pras\u012bb\u0101m un Latvijas Republikas normat\u012bvajiem aktiem.<\/span><\/p>\n<p>&nbsp;<\/p>\n<p><b>1. Personas datu p\u0101rzinis<\/b><\/p>\n<p><span style=\"font-weight: 400;\">Personas datu p\u0101rzinis ir:<\/span><\/p>\n<p><b>Lapme\u017eciema pamatskola<\/b><\/p>\n<p><span style=\"font-weight: 400;\">Liepu iela 2A, Lapme\u017eciems,\u00a0<\/span><\/p>\n<p><span style=\"font-weight: 400;\">Lapme\u017eciema pag., Tukuma nov., LV-3118<\/span><\/p>\n<p><a href=\"mailto:lapmezciemaskola@tukums.lv\"><span style=\"font-weight: 400;\">lapmezciemaskola@tukums.lv<\/span><\/a><span style=\"font-weight: 400;\">; +371 26005864<\/span><\/p>\n<p><span style=\"font-weight: 400;\">M\u0101jaslapas tehnisko uztur\u0113\u0161anu nodro\u0161ina datu apstr\u0101d\u0101t\u0101js: SIA \u201cTurn Digital\u201d, re\u0123. Nr. 40203026165, kur\u0161 veic datu apstr\u0101di tikai saska\u0146\u0101 ar p\u0101rzi\u0146a dokument\u0113tiem nor\u0101d\u012bjumiem.<\/span><\/p>\n<p>&nbsp;<\/p>\n<p><b>2. Personas datu apstr\u0101des nol\u016bki m\u0101jaslap\u0101<\/b><\/p>\n<p><span style=\"font-weight: 400;\">M\u0101jaslap\u0101 apstr\u0101d\u0101jam tikai tos personas datus, kuri ir nepiecie\u0161ami:<\/span><\/p>\n<ul>\n<li style=\"font-weight: 400;\" aria-level=\"1\"><span style=\"font-weight: 400;\">m\u0101jaslapas tehniskai darb\u012bbai,<\/span><\/li>\n<li style=\"font-weight: 400;\" aria-level=\"1\"><span style=\"font-weight: 400;\">dro\u0161\u012bbas nodro\u0161in\u0101\u0161anai,<\/span><\/li>\n<li style=\"font-weight: 400;\" aria-level=\"1\"><span style=\"font-weight: 400;\">statistikas ieg\u016b\u0161anai m\u0101jaslapas uzlabo\u0161anai,<\/span><\/li>\n<li style=\"font-weight: 400;\" aria-level=\"1\"><span style=\"font-weight: 400;\">satura administr\u0113\u0161anai.<\/span><\/li>\n<\/ul>\n<p><span style=\"font-weight: 400;\">M\u0101jaslapas apmekl\u0113t\u0101jiem nav iesp\u0113jas ievad\u012bt savus personas datus (piem\u0113ram, re\u0123istr\u0113ties, s\u016bt\u012bt zi\u0146as vai aug\u0161upiel\u0101d\u0113t failus).<\/span><\/p>\n<p>&nbsp;<\/p>\n<p><strong>3. <\/strong><b>Tehniskie dati un servera \u017eurn\u0101li<\/b><\/p>\n<p><span style=\"font-weight: 400;\">Lai nodro\u0161in\u0101tu T\u012bmek\u013cvietnes dro\u0161\u012bbu un darb\u012bbu, servera sist\u0113mas autom\u0101tiski apstr\u0101d\u0101:<\/span><\/p>\n<ul>\n<li style=\"font-weight: 400;\" aria-level=\"1\"><span style=\"font-weight: 400;\">IP adresi,<\/span><\/li>\n<li style=\"font-weight: 400;\" aria-level=\"1\"><span style=\"font-weight: 400;\">piek\u013cuves datumu un laiku,<\/span><\/li>\n<li style=\"font-weight: 400;\" aria-level=\"1\"><span style=\"font-weight: 400;\">izmantoto p\u0101rl\u016bku un ier\u012bces veidu,<\/span><\/li>\n<li style=\"font-weight: 400;\" aria-level=\"1\"><span style=\"font-weight: 400;\">apmekl\u0113t\u0101s lapas.<\/span><\/li>\n<li style=\"font-weight: 400;\" aria-level=\"1\"><span style=\"font-weight: 400;\">Apstr\u0101des pamats: p\u0101rzi\u0146a le\u0123it\u012bm\u0101 interese nodro\u0161in\u0101t inform\u0101cijas sist\u0113mu dro\u0161\u012bbu (GDPR 6(1)(f) un 32. pants).<\/span><\/li>\n<\/ul>\n<p><span style=\"font-weight: 400;\">Tehniskie \u017eurn\u0101li tiek glab\u0101ti tikai tik ilgi, cik nepiecie\u0161ams t\u012bmek\u013cvietnes dro\u0161\u012bbas nodro\u0161in\u0101\u0161anai, un tie tiek autom\u0101tiski dz\u0113sti saska\u0146\u0101 ar servera uztur\u0113t\u0101ja dro\u0161\u012bbas politiku.<\/span><\/p>\n<p>&nbsp;<\/p>\n<p><strong>4. <\/strong><b>Statistika un anal\u012btika<\/b><\/p>\n<p><span style=\"font-weight: 400;\">T\u012bmek\u013cvietn\u0113 tiek izmantots <\/span><a href=\"https:\/\/plausible.io\/data-policy\" target=\"_blank\" rel=\"noopener\"><span style=\"font-weight: 400;\">Plausible Analytics<\/span><\/a><span style=\"font-weight: 400;\">, kas:<\/span><\/p>\n<ul>\n<li style=\"font-weight: 400;\" aria-level=\"1\"><span style=\"font-weight: 400;\">neizmanto s\u012bkdatnes,<\/span><\/li>\n<li style=\"font-weight: 400;\" aria-level=\"1\"><span style=\"font-weight: 400;\">neseko lietot\u0101jiem,<\/span><\/li>\n<li style=\"font-weight: 400;\" aria-level=\"1\"><span style=\"font-weight: 400;\">apstr\u0101d\u0101 tikai apkopotus, anon\u012bmus datus (lapu skat\u012bjumi, ier\u012bces tips, valodas iestat\u012bjumi),<\/span><\/li>\n<li style=\"font-weight: 400;\" aria-level=\"1\"><span style=\"font-weight: 400;\">neuzglab\u0101 IP adreses un neveido past\u0101v\u012bgus identifikatorus,<\/span><\/li>\n<li style=\"font-weight: 400;\" aria-level=\"1\"><span style=\"font-weight: 400;\">uzglab\u0101 datus serveros Eiropas Savien\u012bb\u0101.<\/span><\/li>\n<\/ul>\n<p><span style=\"font-weight: 400;\">Apstr\u0101des pamats: p\u0101rzi\u0146a le\u0123it\u012bm\u0101 interese uzlabot m\u0101jaslapas kvalit\u0101ti (GDPR 6(1)(f)).<\/span><span style=\"font-weight: 400;\"><br \/>\n<\/span><span style=\"font-weight: 400;\">Anon\u012bma statistika tiek glab\u0101ta tik ilgi, kam\u0113r akt\u012bvs anal\u012btikas konts vai l\u012bdz datu dz\u0113\u0161anas piepras\u012bjumam.<\/span><\/p>\n<p>&nbsp;<\/p>\n<p><strong>5. <\/strong><b>S\u012bkdatnes (s\u012bkdat\u0146u politika)<\/b><\/p>\n<p><span style=\"font-weight: 400;\">M\u0101jaslapas apmekl\u0113t\u0101jiem netiek iestat\u012btas s\u012bkdatnes, iz\u0146emot:<\/span><\/p>\n<ul>\n<li style=\"font-weight: 400;\" aria-level=\"1\"><span style=\"font-weight: 400;\">tehniski nepiecie\u0161am\u0101s WordPress s\u012bkdatnes, kas tiek izmantotas tikai administr\u0101cijas lietot\u0101ju pieteik\u0161an\u0101s sesij\u0101m un nav attiecin\u0101mas uz m\u0101jaslapas apmekl\u0113t\u0101jiem.<\/span><\/li>\n<\/ul>\n<p><span style=\"font-weight: 400;\">M\u0101jaslap\u0101 netiek izmantotas anal\u012btisk\u0101s, rekl\u0101mas vai soci\u0101lo t\u012bklu s\u012bkdatnes.<\/span><\/p>\n<p>&nbsp;<\/p>\n<p><strong>6. <\/strong><b>WordPress lietot\u0101ju dati<\/b><\/p>\n<p><span style=\"font-weight: 400;\">Piek\u013cuvi WordPress satura p\u0101rvald\u012bbai sa\u0146em tikai skolas nor\u012bkoti darbinieki: administrators, virslietot\u0101js vai redaktors.<\/span><\/p>\n<p><span style=\"font-weight: 400;\">\u0160iem lietot\u0101jiem tiek apstr\u0101d\u0101ti minim\u0101li nepiecie\u0161amie dati:<\/span><\/p>\n<ul>\n<li style=\"font-weight: 400;\" aria-level=\"1\"><span style=\"font-weight: 400;\">v\u0101rds uzv\u0101rds (vai lietot\u0101jv\u0101rds),<\/span><\/li>\n<li style=\"font-weight: 400;\" aria-level=\"1\"><span style=\"font-weight: 400;\">e-pasta adrese,<\/span><\/li>\n<li style=\"font-weight: 400;\" aria-level=\"1\"><span style=\"font-weight: 400;\">pieteik\u0161an\u0101s inform\u0101cija un tehniski nepiecie\u0161am\u0101s s\u012bkdatnes.<\/span><\/li>\n<\/ul>\n<p><span style=\"font-weight: 400;\">Administr\u0101cijas lietot\u0101ju dati netiek r\u0101d\u012bti publiski un tiek izmantoti tikai satura administr\u0113\u0161anai.<\/span><span style=\"font-weight: 400;\"><br \/>\n<\/span><span style=\"font-weight: 400;\">Dati tiek glab\u0101ti tik ilgi, kam\u0113r lietot\u0101jam ir pie\u0161\u0137irta piek\u013cuve satura p\u0101rvald\u012bbas sist\u0113mai; piek\u013cuves ties\u012bbu atsauk\u0161anas gad\u012bjum\u0101 lietot\u0101ja dati tiek dz\u0113sti vai anonimiz\u0113ti.<\/span><\/p>\n<p>&nbsp;<\/p>\n<p><strong>7. <\/strong><b>T\u012bmek\u013cvietn\u0113 public\u0113tais saturs<\/b><\/p>\n<p><span style=\"font-weight: 400;\">T\u012bmek\u013cvietn\u0113 public\u0113t\u0101 inform\u0101cija, t.sk. skolas darbinieku dati (v\u0101rds, amats, e-pasta adrese, t\u0101lrunis), izgl\u012btojamo att\u0113li vai cita skolas ievietot\u0101 inform\u0101cija, ir skolas k\u0101 p\u0101rzi\u0146a ievietots saturs. \u0160ie dati tiek apstr\u0101d\u0101ti, pamatojoties uz skolas juridisko pien\u0101kumu un tai pie\u0161\u0137irtaj\u0101m ofici\u0101laj\u0101m pilnvar\u0101m nodro\u0161in\u0101t sabiedr\u012bbas inform\u0113\u0161anu (GDPR 6(1)(c) un 6(1)(e)) vai citu piem\u0113rojamo tiesisko pamatu.<\/span><\/p>\n<p><span style=\"font-weight: 400;\">Par t\u012bmek\u013cvietn\u0113 ievietot\u0101s inform\u0101cijas saturu, tiesisko pamatojumu un aktualit\u0101ti piln\u012bb\u0101 atbild skola k\u0101 p\u0101rzinis.<\/span><\/p>\n<p><span style=\"font-weight: 400;\">Dati tiek uztur\u0113ti tikai tik ilgi, cik nepiecie\u0161ams skolas funkciju izpildei, un tiek dz\u0113sti, ja z\u016bd to public\u0113\u0161anas pamats.<\/span><\/p>\n<p>&nbsp;<\/p>\n<p><strong>8. <\/strong><b>Datu dro\u0161\u012bba<\/b><\/p>\n<p><span style=\"font-weight: 400;\">T\u012bmek\u013cvietne un t\u0101s dati tiek aizsarg\u0101ti, izmantojot:<\/span><\/p>\n<ul>\n<li style=\"font-weight: 400;\" aria-level=\"1\"><span style=\"font-weight: 400;\">datu \u0161ifr\u0113\u0161anu,<\/span><\/li>\n<li style=\"font-weight: 400;\" aria-level=\"1\"><span style=\"font-weight: 400;\">ugunsm\u016brus un piek\u013cuves kontroli,<\/span><\/li>\n<li style=\"font-weight: 400;\" aria-level=\"1\"><span style=\"font-weight: 400;\">regul\u0101rus dro\u0161\u012bbas atjaunin\u0101jumus,<\/span><\/li>\n<li style=\"font-weight: 400;\" aria-level=\"1\"><span style=\"font-weight: 400;\">Eiropas Savien\u012bb\u0101 eso\u0161us serverus,<\/span><\/li>\n<li style=\"font-weight: 400;\" aria-level=\"1\"><span style=\"font-weight: 400;\">normat\u012bvo aktu pras\u012bb\u0101m atbilsto\u0161us tehniskos un organizatoriskos pas\u0101kumus.<\/span><\/li>\n<\/ul>\n<p><span style=\"font-weight: 400;\">Uztur\u0113t\u0101js veic dro\u0161\u012bbas pas\u0101kumus, lai nepie\u013cautu neat\u013cautu piek\u013cuvi, izmai\u0146as vai datu zudumu.<\/span><\/p>\n<p>&nbsp;<\/p>\n<p><strong>9. <\/strong><b>Tre\u0161\u0101s personas<\/b><\/p>\n<p><span style=\"font-weight: 400;\">Personas dati netiek nodoti tre\u0161aj\u0101m pus\u0113m, iz\u0146emot gad\u012bjumus, kad to paredz:<\/span><\/p>\n<ul>\n<li style=\"font-weight: 400;\" aria-level=\"1\"><span style=\"font-weight: 400;\">normat\u012bvie akti,<\/span><\/li>\n<li style=\"font-weight: 400;\" aria-level=\"1\"><span style=\"font-weight: 400;\">skolas nosl\u0113gtie l\u012bgumi par m\u0101jaslapas uztur\u0113\u0161anu,<\/span><\/li>\n<li style=\"font-weight: 400;\" aria-level=\"1\"><span style=\"font-weight: 400;\">servera un anal\u012btikas pakalpojumu nodro\u0161in\u0101t\u0101ji ES teritorij\u0101.<\/span><\/li>\n<\/ul>\n<p>&nbsp;<\/p>\n<p><strong>10. <\/strong><b>Datu subjekta ties\u012bbas<\/b><\/p>\n<p><span style=\"font-weight: 400;\">Jums ir ties\u012bbas:<\/span><\/p>\n<ul>\n<li style=\"font-weight: 400;\" aria-level=\"1\"><span style=\"font-weight: 400;\">piek\u013c\u016bt saviem datiem,<\/span><\/li>\n<li style=\"font-weight: 400;\" aria-level=\"1\"><span style=\"font-weight: 400;\">piepras\u012bt to labo\u0161anu vai dz\u0113\u0161anu,<\/span><\/li>\n<li style=\"font-weight: 400;\" aria-level=\"1\"><span style=\"font-weight: 400;\">ierobe\u017eot vai iebilst pret apstr\u0101di,<\/span><\/li>\n<li style=\"font-weight: 400;\" aria-level=\"1\"><span style=\"font-weight: 400;\">iesniegt s\u016bdz\u012bbu Datu valsts inspekcij\u0101 (www.dvi.gov.lv).<\/span><\/li>\n<\/ul>\n<p><span style=\"font-weight: 400;\">Piepras\u012bjumi iesniedzami:<\/span><span style=\"font-weight: 400;\"><br \/>\n<\/span><a href=\"mailto:lapmezciemaskola@tukums.lv\"><span style=\"font-weight: 400;\">lapmezciemaskola@tukums.lv<\/span><\/a><\/p>\n<p>&nbsp;<\/p>\n<p><span style=\"font-weight: 400;\"><strong>11.<\/strong> <\/span><b>Sazi\u0146a<\/b><\/p>\n<p><span style=\"font-weight: 400;\">Jaut\u0101jumiem par priv\u0101tuma politiku:<\/span><\/p>\n<p><span style=\"font-weight: 400;\">Lapme\u017eciema pamatskola<\/span><\/p>\n<p><span style=\"font-weight: 400;\">Adrese: Liepu iela 2A, Lapme\u017eciems,\u00a0<\/span><\/p>\n<p><span style=\"font-weight: 400;\">Lapme\u017eciema pag., Tukuma nov., LV-3118<\/span><\/p>\n<p><span style=\"font-weight: 400;\">E-pasts: <\/span><a href=\"mailto:lapmezciemaskola@tukums.lv\"><span style=\"font-weight: 400;\">lapmezciemaskola@tukums.lv<\/span><\/a><span style=\"font-weight: 400;\">\u00a0\u00a0<\/span><\/p>\n<p><span style=\"font-weight: 400;\">T\u0101lrunis:\u00a0 +371 26005864\u00a0\u00a0<\/span><\/p>\n<\/div>\n<\/div>\n","protected":false},"excerpt":{"rendered":"<p>T\u012bmek\u013cvietnes priv\u0101tuma politika \u0160o priv\u0101tuma politiku piem\u0113ro, apmekl\u0113jot Lapme\u017eciema pamatskolas t\u012bmek\u013cvietni https:\/\/skola.lapmezciems.lv\/\u00a0 (turpm\u0101k &#8211; T\u012bmek\u013cvietne). T\u0101 attiecas tikai uz \u0161\u012bs konkr\u0113t\u0101s m\u0101jaslapas darb\u012bbu, nevis uz vis\u0101m skolas sniegtaj\u0101m izgl\u012bt\u012bbas vai cit\u0101m pakalpojumu jom\u0101m. T\u012bmek\u013cvietne tiek uztur\u0113ta atbilsto\u0161i Visp\u0101r\u012bg\u0101s datu aizsardz\u012bbas regulas (Regula (ES) 2016\/679) pras\u012bb\u0101m un Latvijas Republikas normat\u012bvajiem aktiem. &nbsp; 1. Personas datu p\u0101rzinis [&hellip;]<\/p>\n","protected":false},"author":1,"featured_media":0,"parent":0,"menu_order":0,"comment_status":"closed","ping_status":"closed","template":"","meta":{"_acf_changed":false,"footnotes":""},"class_list":["post-1605","page","type-page","status-publish","hentry"],"acf":[],"_links":{"self":[{"href":"https:\/\/skola.lapmezciems.lv\/pirmsskola\/wp-json\/wp\/v2\/pages\/1605","targetHints":{"allow":["GET"]}}],"collection":[{"href":"https:\/\/skola.lapmezciems.lv\/pirmsskola\/wp-json\/wp\/v2\/pages"}],"about":[{"href":"https:\/\/skola.lapmezciems.lv\/pirmsskola\/wp-json\/wp\/v2\/types\/page"}],"author":[{"embeddable":true,"href":"https:\/\/skola.lapmezciems.lv\/pirmsskola\/wp-json\/wp\/v2\/users\/1"}],"replies":[{"embeddable":true,"href":"https:\/\/skola.lapmezciems.lv\/pirmsskola\/wp-json\/wp\/v2\/comments?post=1605"}],"version-history":[{"count":1,"href":"https:\/\/skola.lapmezciems.lv\/pirmsskola\/wp-json\/wp\/v2\/pages\/1605\/revisions"}],"predecessor-version":[{"id":2026,"href":"https:\/\/skola.lapmezciems.lv\/pirmsskola\/wp-json\/wp\/v2\/pages\/1605\/revisions\/2026"}],"wp:attachment":[{"href":"https:\/\/skola.lapmezciems.lv\/pirmsskola\/wp-json\/wp\/v2\/media?parent=1605"}],"curies":[{"name":"wp","href":"https:\/\/api.w.org\/{rel}","templated":true}]}}