{"id":140,"date":"2021-05-31T18:29:04","date_gmt":"2021-05-31T15:29:04","guid":{"rendered":"https:\/\/skola.lapmezciems.lv\/pirmsskola\/?page_id=140"},"modified":"2026-02-24T23:36:42","modified_gmt":"2026-02-24T21:36:42","slug":"par-skolu","status":"publish","type":"page","link":"https:\/\/skola.lapmezciems.lv\/pirmsskola\/par-skolu\/","title":{"rendered":"Par pirmsskolu"},"content":{"rendered":"<p><strong>M\u016bsdien\u012bga, profesion\u0101la un atv\u0113rta pirmsskolas izgl\u012bt\u012bbas iest\u0101de, kur\u0101 ir iesp\u0113ja ieg\u016bt\u00a0 atbilsto\u0161u, kvalitat\u012bvu izgl\u012bt\u012bbu un kur\u0101 ir gaid\u012bts ikviens b\u0113rns \u2013 n\u0101kotnes pieaugu\u0161ais.\u00a0<\/strong><\/p>\n<p>Lapme\u017eciema pirmsskolas izgl\u012bt\u012bbas iest\u0101de ir pa\u0161vald\u012bbas dibin\u0101ta izgl\u012bt\u012bbas iest\u0101de, kas atrodas Lapme\u017eciema pamatskolas p\u0101rvald\u012bb\u0101, patst\u0101v\u012bgi organiz\u0113 un \u012bsteno izgl\u012bt\u012bbas procesu, nodro\u0161ina izgl\u012btojamiem (b\u0113rniem) vispus\u012bgas iesp\u0113jas apg\u016bt visp\u0101r\u0113j\u0101s pirmsskolas izgl\u012bt\u012bbas programmu.<\/p>\n<p>Iest\u0101de \u012bsteno \u0161\u0101das izgl\u012bt\u012bbas programmas:<\/p>\n<ul>\n<li>pirmsskolas izgl\u012bt\u012bbas programma (kods 01011111);<\/li>\n<li>speci\u0101l\u0101s pirmsskolas izgl\u012bt\u012bbas programma izgl\u012btojamajiem ar valodas trauc\u0113jumiem (kods 01015511);<\/li>\n<li>speci\u0101l\u0101s pirmsskolas izgl\u012bt\u012bbas programma izgl\u012btojamajiem ar jauktiem att\u012bst\u012bbas trauc\u0113jumiem (kods 01015611);<\/li>\n<li>speci\u0101l\u0101s pirmsskolas izgl\u012bt\u012bbas programma izgl\u012btojamajiem ar gar\u012bg\u0101s vesel\u012bbas trauc\u0113jumiem (kods 01015711).<\/li>\n<\/ul>\n<p>Izgl\u012bt\u012bbas procesu nodro\u0161ina 11 pirmsskolas pedagogi, 5 pedagogu pal\u012bgi (aukl\u012btes) un atbalsta person\u0101ls \u2013 logop\u0113ds, soci\u0101lais pedagogs, izgl\u012bt\u012bbas psihologs. Iest\u0101d\u0113 p\u0101rvald\u012bbu nodro\u0161ina administr\u0101cija \u2013 direktore, direktora vietniece pirmsskolas izgl\u012bt\u012bbas jom\u0101, lietvede un administrators.<\/p>\n<p>Mums ir 5 grupas, kuras \u0161obr\u012bd apmekl\u0113 93 b\u0113rni. Katr\u0101 grup\u0101 str\u0101d\u0101 divi skolot\u0101ji un viens skolot\u0101ja pal\u012bgs. Par b\u0113rnu muzik\u0101lo un fizisko att\u012bst\u012bbu r\u016bp\u0113jas m\u016bzikas un sporta skolot\u0101jas. Iest\u0101des darbs orient\u0113ts uz b\u0113rnu vispus\u012bgu att\u012bst\u012bbu, radot att\u012bsto\u0161u vidi b\u0113rnu darb\u012bbai, lai b\u0113rnu sagatavotu pamatizgl\u012bt\u012bbas uzs\u0101k\u0161anai.<\/p>\n<p>Izgl\u012bt\u012bbas iest\u0101de realiz\u0113:<\/p>\n<ul>\n<li>\u201cD\u017eimbas 11 so\u013cu dro\u0161\u012bbas programmu\u201d (6-7 g. v. b\u0113rniem), programmu vada speci\u0101li apm\u0101c\u012bts pedagogs &#8211; D\u017eimbas dro\u0161\u012bbas a\u0123ents (pirmsskolas pedagogs);<\/li>\n<li>vesel\u012bbu veicino\u0161o programmu \u201cVesel\u012bbu veicino\u0161a skola\u201d;<\/li>\n<li>atbalsta programmu \u201cPiens un aug\u013ci skolai\u201d;<\/li>\n<li>&#8220;STEM un pilsonisk\u0101s l\u012bdzdal\u012bbas skolas soma&#8221;.<\/li>\n<\/ul>\n","protected":false},"excerpt":{"rendered":"<p>M\u016bsdien\u012bga, profesion\u0101la un atv\u0113rta pirmsskolas izgl\u012bt\u012bbas iest\u0101de, kur\u0101 ir iesp\u0113ja ieg\u016bt\u00a0 atbilsto\u0161u, kvalitat\u012bvu izgl\u012bt\u012bbu un kur\u0101 ir gaid\u012bts ikviens b\u0113rns \u2013 n\u0101kotnes pieaugu\u0161ais.\u00a0 Lapme\u017eciema pirmsskolas izgl\u012bt\u012bbas iest\u0101de ir pa\u0161vald\u012bbas dibin\u0101ta izgl\u012bt\u012bbas iest\u0101de, kas atrodas Lapme\u017eciema pamatskolas p\u0101rvald\u012bb\u0101, patst\u0101v\u012bgi organiz\u0113 un \u012bsteno izgl\u012bt\u012bbas procesu, nodro\u0161ina izgl\u012btojamiem (b\u0113rniem) vispus\u012bgas iesp\u0113jas apg\u016bt visp\u0101r\u0113j\u0101s pirmsskolas izgl\u012bt\u012bbas programmu. Iest\u0101de \u012bsteno [&hellip;]<\/p>\n","protected":false},"author":1,"featured_media":0,"parent":0,"menu_order":2,"comment_status":"closed","ping_status":"closed","template":"templates\/about-us-template.php","meta":{"_acf_changed":false,"footnotes":""},"class_list":["post-140","page","type-page","status-publish","hentry"],"acf":[],"_links":{"self":[{"href":"https:\/\/skola.lapmezciems.lv\/pirmsskola\/wp-json\/wp\/v2\/pages\/140","targetHints":{"allow":["GET"]}}],"collection":[{"href":"https:\/\/skola.lapmezciems.lv\/pirmsskola\/wp-json\/wp\/v2\/pages"}],"about":[{"href":"https:\/\/skola.lapmezciems.lv\/pirmsskola\/wp-json\/wp\/v2\/types\/page"}],"author":[{"embeddable":true,"href":"https:\/\/skola.lapmezciems.lv\/pirmsskola\/wp-json\/wp\/v2\/users\/1"}],"replies":[{"embeddable":true,"href":"https:\/\/skola.lapmezciems.lv\/pirmsskola\/wp-json\/wp\/v2\/comments?post=140"}],"version-history":[{"count":11,"href":"https:\/\/skola.lapmezciems.lv\/pirmsskola\/wp-json\/wp\/v2\/pages\/140\/revisions"}],"predecessor-version":[{"id":2072,"href":"https:\/\/skola.lapmezciems.lv\/pirmsskola\/wp-json\/wp\/v2\/pages\/140\/revisions\/2072"}],"wp:attachment":[{"href":"https:\/\/skola.lapmezciems.lv\/pirmsskola\/wp-json\/wp\/v2\/media?parent=140"}],"curies":[{"name":"wp","href":"https:\/\/api.w.org\/{rel}","templated":true}]}}